{"id":435,"date":"2021-11-09T13:54:20","date_gmt":"2021-11-09T13:54:20","guid":{"rendered":"https:\/\/trmhungarykft.hu\/?page_id=435"},"modified":"2021-12-06T09:15:53","modified_gmt":"2021-12-06T08:15:53","slug":"suti-tajekoztato","status":"publish","type":"page","link":"https:\/\/trmhungary.hu\/index.php\/suti-tajekoztato\/","title":{"rendered":"S\u00fcti t\u00e1j\u00e9koztat\u00f3"},"content":{"rendered":"\n<p>Ez a weboldal s\u00fctiket haszn\u00e1l. S\u00fctiket haszn\u00e1lunk a tartalmak \u00e9s hirdet\u00e9sek szem\u00e9lyre szab\u00e1s\u00e1hoz, k\u00f6z\u00f6ss\u00e9gi funkci\u00f3k biztos\u00edt\u00e1s\u00e1hoz, valamint weboldalforgalmunk elemz\u00e9s\u00e9hez. Ezenk\u00edv\u00fcl k\u00f6z\u00f6ss\u00e9gi m\u00e9dia-, hirdet\u0151- \u00e9s elemez\u0151 partnereinkkel megosztjuk az \u00d6n weboldalhaszn\u00e1latra vonatkoz\u00f3 adatait, akik kombin\u00e1lhatj\u00e1k az adatokat m\u00e1s olyan adatokkal, amelyeket \u00d6n adott meg sz\u00e1mukra vagy az \u00d6n \u00e1ltal haszn\u00e1lt m\u00e1s szolg\u00e1ltat\u00e1sokb\u00f3l gy\u0171jt\u00f6ttek. &nbsp;<\/p>\n\n\n\n<p> A s\u00fctik olyan kis sz\u00f6veges f\u00e1jlok, amelyeket egy weboldal felhaszn\u00e1lhat arra, hogy m\u00e9g hat\u00e9konyabb\u00e1 tegye a felhaszn\u00e1l\u00f3i \u00e9lm\u00e9nyt.&nbsp;A jogszab\u00e1lyok szerint a s\u00fctiket abban az esetben t\u00e1rolhatjuk az \u00d6n eszk\u00f6z\u00e9n, ha erre felt\u00e9tlen\u00fcl sz\u00fcks\u00e9g van a weboldalunk m\u0171k\u00f6d\u00e9se \u00e9rdek\u00e9ben. Minden egy\u00e9b t\u00edpus\u00fa s\u00fcti haszn\u00e1lat\u00e1hoz az \u00d6n enged\u00e9ly\u00e9re van sz\u00fcks\u00e9g\u00fcnk. Jelen weboldal k\u00fcl\u00f6nf\u00e9le s\u00fctiket haszn\u00e1l. A weboldalunkon megjelen\u0151 n\u00e9melyik s\u00fctit harmadik f\u00e9l szolg\u00e1ltat\u00f3ink helyezik. &nbsp; \u00d6n b\u00e1rmikor m\u00f3dos\u00edthatja vagy visszavonhatja weboldalunkon a S\u00fctinyilatkozathoz val\u00f3 hozz\u00e1j\u00e1rul\u00e1s\u00e1t. <\/p>\n\n\n\n<p>Tudjon meg t\u00f6bbet Adatv\u00e9delmi t\u00e1j\u00e9koztat\u00f3nkban arr\u00f3l, kik vagyunk, hogyan l\u00e9phet vel\u00fcnk kapcsolatba \u00e9s hogyan dolgozzunk fel a szem\u00e9lyes adatokat. &nbsp; <\/p>\n\n\n\n<p>Hozz\u00e1j\u00e1rul\u00e1sa a k\u00f6vetkez\u0151 domainekre \u00e9rv\u00e9nyes: <a href=\"https:\/\/trmhungary.hu\/\" target=\"_blank\" rel=\"noreferrer noopener\">https:\/\/trmhungary.hu\/ <\/a>&nbsp; <\/p>\n\n\n\n<div class=\"cli_user_consent_state\">Your current state: No consent given. <a class=\"cli_manage_current_consent\" style=\"cursor:pointer;text-decoration:underline;\">Manage your consent.<\/a> <\/div>\n\n\n\n<p><\/p>\n\n\n\n<p>Az al\u00e1bbiakban a weboldalunkon haszn\u00e1lt s\u00fctik l\u00e1that\u00f3ak:<\/p><table class=\"cookielawinfo-row-cat-table cookielawinfo-classic\"><thead><tr><th class=\"cookielawinfo-column-1\">Cookie<\/th><th class=\"cookielawinfo-column-4\">Description<\/th><\/tr><\/thead><tbody><tr class=\"cookielawinfo-row\"><td class=\"cookielawinfo-column-1\">cookielawinfo-checkbox-advertisement<\/td><td class=\"cookielawinfo-column-4\">Set by the GDPR Cookie Consent plugin, this cookie is used to record the user consent for the cookies in the \"Advertisement\" category .<\/td><\/tr><tr class=\"cookielawinfo-row\"><td class=\"cookielawinfo-column-1\">cookielawinfo-checkbox-analytics<\/td><td class=\"cookielawinfo-column-4\">This cookie is set by GDPR Cookie Consent plugin. The cookie is used to store the user consent for the cookies in the category \"Analytics\".<\/td><\/tr><tr class=\"cookielawinfo-row\"><td class=\"cookielawinfo-column-1\">cookielawinfo-checkbox-functional<\/td><td class=\"cookielawinfo-column-4\">The cookie is set by GDPR cookie consent to record the user consent for the cookies in the category \"Functional\".<\/td><\/tr><tr class=\"cookielawinfo-row\"><td class=\"cookielawinfo-column-1\">cookielawinfo-checkbox-necessary<\/td><td class=\"cookielawinfo-column-4\">This cookie is set by GDPR Cookie Consent plugin. The cookies is used to store the user consent for the cookies in the category \"Necessary\".<\/td><\/tr><tr class=\"cookielawinfo-row\"><td class=\"cookielawinfo-column-1\">cookielawinfo-checkbox-others<\/td><td class=\"cookielawinfo-column-4\">This cookie is set by GDPR Cookie Consent plugin. The cookie is used to store the user consent for the cookies in the category \"Other.<\/td><\/tr><tr class=\"cookielawinfo-row\"><td class=\"cookielawinfo-column-1\">cookielawinfo-checkbox-performance<\/td><td class=\"cookielawinfo-column-4\">This cookie is set by GDPR Cookie Consent plugin. The cookie is used to store the user consent for the cookies in the category \"Performance\".<\/td><\/tr><tr class=\"cookielawinfo-row\"><td class=\"cookielawinfo-column-1\">elementor<\/td><td class=\"cookielawinfo-column-4\">This cookie is used by the website's WordPress theme. It allows the website owner to implement or change the website's content in real-time.<\/td><\/tr><tr class=\"cookielawinfo-row\"><td class=\"cookielawinfo-column-1\">viewed_cookie_policy<\/td><td class=\"cookielawinfo-column-4\">The cookie is set by the GDPR Cookie Consent plugin and is used to store whether or not user has consented to the use of cookies. It does not store any personal data.<\/td><\/tr><\/tbody><\/table>\n","protected":false},"excerpt":{"rendered":"<p>Ez a weboldal s\u00fctiket haszn\u00e1l. S\u00fctiket haszn\u00e1lunk a tartalmak \u00e9s hirdet\u00e9sek szem\u00e9lyre szab\u00e1s\u00e1hoz, k\u00f6z\u00f6ss\u00e9gi funkci\u00f3k biztos\u00edt\u00e1s\u00e1hoz, valamint weboldalforgalmunk elemz\u00e9s\u00e9hez. Ezenk\u00edv\u00fcl k\u00f6z\u00f6ss\u00e9gi m\u00e9dia-, hirdet\u0151- \u00e9s elemez\u0151 partnereinkkel megosztjuk az \u00d6n weboldalhaszn\u00e1latra vonatkoz\u00f3 adatait, akik kombin\u00e1lhatj\u00e1k az adatokat m\u00e1s olyan adatokkal, amelyeket \u00d6n adott meg sz\u00e1mukra vagy az \u00d6n \u00e1ltal haszn\u00e1lt m\u00e1s szolg\u00e1ltat\u00e1sokb\u00f3l gy\u0171jt\u00f6ttek. &nbsp; A s\u00fctik [&hellip;]<\/p>\n","protected":false},"author":1,"featured_media":0,"parent":0,"menu_order":0,"comment_status":"closed","ping_status":"closed","template":"","meta":{"footnotes":""},"class_list":["post-435","page","type-page","status-publish","hentry"],"yoast_head":"<!-- This site is optimized with the Yoast SEO plugin v27.3 - https:\/\/yoast.com\/product\/yoast-seo-wordpress\/ -->\n<title>S\u00fcti t\u00e1j\u00e9koztat\u00f3 - T.R.M. Hungary Kft.<\/title>\n<meta name=\"description\" content=\"A T.R.M. Hungary Kft. 2002 \u00f3tam\u0171k\u00f6d\u0151 csal\u00e1di v\u00e1llalkoz\u00e1s. F\u0151tev\u00e9kenys\u00e9g\u00fcnk \u00e9desipari term\u00e9kek forgalmaz\u00e1sa nagykereskedelmek sz\u00e1m\u00e1ra.\" \/>\n<meta name=\"robots\" content=\"index, follow, max-snippet:-1, max-image-preview:large, max-video-preview:-1\" \/>\n<link rel=\"canonical\" href=\"https:\/\/trmhungary.hu\/index.php\/suti-tajekoztato\/\" \/>\n<meta property=\"og:locale\" content=\"hu_HU\" \/>\n<meta property=\"og:type\" content=\"article\" \/>\n<meta property=\"og:title\" content=\"S\u00fcti t\u00e1j\u00e9koztat\u00f3 - T.R.M. Hungary Kft.\" \/>\n<meta property=\"og:description\" content=\"A T.R.M. Hungary Kft. 2002 \u00f3tam\u0171k\u00f6d\u0151 csal\u00e1di v\u00e1llalkoz\u00e1s. F\u0151tev\u00e9kenys\u00e9g\u00fcnk \u00e9desipari term\u00e9kek forgalmaz\u00e1sa nagykereskedelmek sz\u00e1m\u00e1ra.\" \/>\n<meta property=\"og:url\" content=\"https:\/\/trmhungary.hu\/index.php\/suti-tajekoztato\/\" \/>\n<meta property=\"og:site_name\" content=\"T.R.M. Hungary Kft.\" \/>\n<meta property=\"article:modified_time\" content=\"2021-12-06T08:15:53+00:00\" \/>\n<meta name=\"twitter:card\" content=\"summary_large_image\" \/>\n<meta name=\"twitter:label1\" content=\"Becs\u00fclt olvas\u00e1si id\u0151\" \/>\n\t<meta name=\"twitter:data1\" content=\"1 perc\" \/>\n<script type=\"application\/ld+json\" class=\"yoast-schema-graph\">{\"@context\":\"https:\\\/\\\/schema.org\",\"@graph\":[{\"@type\":\"WebPage\",\"@id\":\"https:\\\/\\\/trmhungary.hu\\\/index.php\\\/suti-tajekoztato\\\/\",\"url\":\"https:\\\/\\\/trmhungary.hu\\\/index.php\\\/suti-tajekoztato\\\/\",\"name\":\"S\u00fcti t\u00e1j\u00e9koztat\u00f3 - T.R.M. Hungary Kft.\",\"isPartOf\":{\"@id\":\"https:\\\/\\\/trmhungary.hu\\\/#website\"},\"datePublished\":\"2021-11-09T13:54:20+00:00\",\"dateModified\":\"2021-12-06T08:15:53+00:00\",\"description\":\"A T.R.M. Hungary Kft. 2002 \u00f3tam\u0171k\u00f6d\u0151 csal\u00e1di v\u00e1llalkoz\u00e1s. F\u0151tev\u00e9kenys\u00e9g\u00fcnk \u00e9desipari term\u00e9kek forgalmaz\u00e1sa nagykereskedelmek sz\u00e1m\u00e1ra.\",\"breadcrumb\":{\"@id\":\"https:\\\/\\\/trmhungary.hu\\\/index.php\\\/suti-tajekoztato\\\/#breadcrumb\"},\"inLanguage\":\"hu\",\"potentialAction\":[{\"@type\":\"ReadAction\",\"target\":[\"https:\\\/\\\/trmhungary.hu\\\/index.php\\\/suti-tajekoztato\\\/\"]}]},{\"@type\":\"BreadcrumbList\",\"@id\":\"https:\\\/\\\/trmhungary.hu\\\/index.php\\\/suti-tajekoztato\\\/#breadcrumb\",\"itemListElement\":[{\"@type\":\"ListItem\",\"position\":1,\"name\":\"Kezd\u0151lap\",\"item\":\"https:\\\/\\\/trmhungary.hu\\\/\"},{\"@type\":\"ListItem\",\"position\":2,\"name\":\"S\u00fcti t\u00e1j\u00e9koztat\u00f3\"}]},{\"@type\":\"WebSite\",\"@id\":\"https:\\\/\\\/trmhungary.hu\\\/#website\",\"url\":\"https:\\\/\\\/trmhungary.hu\\\/\",\"name\":\"T.R.M. Hungary Kft.\",\"description\":\"\u00c9dess\u00e9gek sz\u00e9les v\u00e1laszt\u00e9ka, el\u00e9rhet\u0151 \u00e1ron\",\"publisher\":{\"@id\":\"https:\\\/\\\/trmhungary.hu\\\/#organization\"},\"potentialAction\":[{\"@type\":\"SearchAction\",\"target\":{\"@type\":\"EntryPoint\",\"urlTemplate\":\"https:\\\/\\\/trmhungary.hu\\\/?s={search_term_string}\"},\"query-input\":{\"@type\":\"PropertyValueSpecification\",\"valueRequired\":true,\"valueName\":\"search_term_string\"}}],\"inLanguage\":\"hu\"},{\"@type\":\"Organization\",\"@id\":\"https:\\\/\\\/trmhungary.hu\\\/#organization\",\"name\":\"T.R.M. Hungary Kft.\",\"url\":\"https:\\\/\\\/trmhungary.hu\\\/\",\"logo\":{\"@type\":\"ImageObject\",\"inLanguage\":\"hu\",\"@id\":\"https:\\\/\\\/trmhungary.hu\\\/#\\\/schema\\\/logo\\\/image\\\/\",\"url\":\"https:\\\/\\\/trmhungary.hu\\\/wp-content\\\/uploads\\\/2021\\\/10\\\/trm-logo3-e1700671179343.png\",\"contentUrl\":\"https:\\\/\\\/trmhungary.hu\\\/wp-content\\\/uploads\\\/2021\\\/10\\\/trm-logo3-e1700671179343.png\",\"width\":200,\"height\":214,\"caption\":\"T.R.M. Hungary Kft.\"},\"image\":{\"@id\":\"https:\\\/\\\/trmhungary.hu\\\/#\\\/schema\\\/logo\\\/image\\\/\"}}]}<\/script>\n<!-- \/ Yoast SEO plugin. -->","yoast_head_json":{"title":"S\u00fcti t\u00e1j\u00e9koztat\u00f3 - T.R.M. Hungary Kft.","description":"A T.R.M. Hungary Kft. 2002 \u00f3tam\u0171k\u00f6d\u0151 csal\u00e1di v\u00e1llalkoz\u00e1s. F\u0151tev\u00e9kenys\u00e9g\u00fcnk \u00e9desipari term\u00e9kek forgalmaz\u00e1sa nagykereskedelmek sz\u00e1m\u00e1ra.","robots":{"index":"index","follow":"follow","max-snippet":"max-snippet:-1","max-image-preview":"max-image-preview:large","max-video-preview":"max-video-preview:-1"},"canonical":"https:\/\/trmhungary.hu\/index.php\/suti-tajekoztato\/","og_locale":"hu_HU","og_type":"article","og_title":"S\u00fcti t\u00e1j\u00e9koztat\u00f3 - T.R.M. Hungary Kft.","og_description":"A T.R.M. Hungary Kft. 2002 \u00f3tam\u0171k\u00f6d\u0151 csal\u00e1di v\u00e1llalkoz\u00e1s. F\u0151tev\u00e9kenys\u00e9g\u00fcnk \u00e9desipari term\u00e9kek forgalmaz\u00e1sa nagykereskedelmek sz\u00e1m\u00e1ra.","og_url":"https:\/\/trmhungary.hu\/index.php\/suti-tajekoztato\/","og_site_name":"T.R.M. Hungary Kft.","article_modified_time":"2021-12-06T08:15:53+00:00","twitter_card":"summary_large_image","twitter_misc":{"Becs\u00fclt olvas\u00e1si id\u0151":"1 perc"},"schema":{"@context":"https:\/\/schema.org","@graph":[{"@type":"WebPage","@id":"https:\/\/trmhungary.hu\/index.php\/suti-tajekoztato\/","url":"https:\/\/trmhungary.hu\/index.php\/suti-tajekoztato\/","name":"S\u00fcti t\u00e1j\u00e9koztat\u00f3 - T.R.M. Hungary Kft.","isPartOf":{"@id":"https:\/\/trmhungary.hu\/#website"},"datePublished":"2021-11-09T13:54:20+00:00","dateModified":"2021-12-06T08:15:53+00:00","description":"A T.R.M. Hungary Kft. 2002 \u00f3tam\u0171k\u00f6d\u0151 csal\u00e1di v\u00e1llalkoz\u00e1s. F\u0151tev\u00e9kenys\u00e9g\u00fcnk \u00e9desipari term\u00e9kek forgalmaz\u00e1sa nagykereskedelmek sz\u00e1m\u00e1ra.","breadcrumb":{"@id":"https:\/\/trmhungary.hu\/index.php\/suti-tajekoztato\/#breadcrumb"},"inLanguage":"hu","potentialAction":[{"@type":"ReadAction","target":["https:\/\/trmhungary.hu\/index.php\/suti-tajekoztato\/"]}]},{"@type":"BreadcrumbList","@id":"https:\/\/trmhungary.hu\/index.php\/suti-tajekoztato\/#breadcrumb","itemListElement":[{"@type":"ListItem","position":1,"name":"Kezd\u0151lap","item":"https:\/\/trmhungary.hu\/"},{"@type":"ListItem","position":2,"name":"S\u00fcti t\u00e1j\u00e9koztat\u00f3"}]},{"@type":"WebSite","@id":"https:\/\/trmhungary.hu\/#website","url":"https:\/\/trmhungary.hu\/","name":"T.R.M. Hungary Kft.","description":"\u00c9dess\u00e9gek sz\u00e9les v\u00e1laszt\u00e9ka, el\u00e9rhet\u0151 \u00e1ron","publisher":{"@id":"https:\/\/trmhungary.hu\/#organization"},"potentialAction":[{"@type":"SearchAction","target":{"@type":"EntryPoint","urlTemplate":"https:\/\/trmhungary.hu\/?s={search_term_string}"},"query-input":{"@type":"PropertyValueSpecification","valueRequired":true,"valueName":"search_term_string"}}],"inLanguage":"hu"},{"@type":"Organization","@id":"https:\/\/trmhungary.hu\/#organization","name":"T.R.M. Hungary Kft.","url":"https:\/\/trmhungary.hu\/","logo":{"@type":"ImageObject","inLanguage":"hu","@id":"https:\/\/trmhungary.hu\/#\/schema\/logo\/image\/","url":"https:\/\/trmhungary.hu\/wp-content\/uploads\/2021\/10\/trm-logo3-e1700671179343.png","contentUrl":"https:\/\/trmhungary.hu\/wp-content\/uploads\/2021\/10\/trm-logo3-e1700671179343.png","width":200,"height":214,"caption":"T.R.M. Hungary Kft."},"image":{"@id":"https:\/\/trmhungary.hu\/#\/schema\/logo\/image\/"}}]}},"_links":{"self":[{"href":"https:\/\/trmhungary.hu\/index.php\/wp-json\/wp\/v2\/pages\/435","targetHints":{"allow":["GET"]}}],"collection":[{"href":"https:\/\/trmhungary.hu\/index.php\/wp-json\/wp\/v2\/pages"}],"about":[{"href":"https:\/\/trmhungary.hu\/index.php\/wp-json\/wp\/v2\/types\/page"}],"author":[{"embeddable":true,"href":"https:\/\/trmhungary.hu\/index.php\/wp-json\/wp\/v2\/users\/1"}],"replies":[{"embeddable":true,"href":"https:\/\/trmhungary.hu\/index.php\/wp-json\/wp\/v2\/comments?post=435"}],"version-history":[{"count":0,"href":"https:\/\/trmhungary.hu\/index.php\/wp-json\/wp\/v2\/pages\/435\/revisions"}],"wp:attachment":[{"href":"https:\/\/trmhungary.hu\/index.php\/wp-json\/wp\/v2\/media?parent=435"}],"curies":[{"name":"wp","href":"https:\/\/api.w.org\/{rel}","templated":true}]}}