{"id":176,"date":"2021-10-22T13:45:44","date_gmt":"2021-10-22T12:45:44","guid":{"rendered":"https:\/\/trmhungarykft.hu\/?post_type=product&#038;p=176"},"modified":"2022-10-05T10:47:21","modified_gmt":"2022-10-05T09:47:21","slug":"paradise-chocopaye-tejbevonoba-es-kokuszreszelekbe-martott-keksz-habcukor-toltelekkel","status":"publish","type":"product","link":"https:\/\/trmhungary.hu\/index.php\/termek\/paradise-chocopaye-tejbevonoba-es-kokuszreszelekbe-martott-keksz-habcukor-toltelekkel\/","title":{"rendered":"Paradise Chocopaye tejbevon\u00f3ba \u00e9s k\u00f3kuszreszel\u00e9kbe m\u00e1rtott keksz habcukor t\u00f6ltel\u00e9kkel"},"content":{"rendered":"","protected":false},"excerpt":{"rendered":"<p>64 g<\/p>\n<p>Kiszerel\u00e9s: 24 db\/k\u00edn\u00e1l\u00f3<\/p>\n<p>6 k\u00edn\u00e1l\u00f3\/karton<\/p>\n","protected":false},"featured_media":177,"template":"","meta":[],"product_brand":[],"product_cat":[21,27],"product_tag":[],"class_list":{"0":"post-176","1":"product","2":"type-product","3":"status-publish","4":"has-post-thumbnail","6":"product_cat-keksz","7":"product_cat-paradise-chocopaye","9":"first","10":"instock","11":"shipping-taxable","12":"product-type-simple"},"yoast_head":"<!-- This site is optimized with the Yoast SEO plugin v27.3 - https:\/\/yoast.com\/product\/yoast-seo-wordpress\/ -->\n<title>Paradise Chocopaye tejbevon\u00f3ba \u00e9s k\u00f3kuszreszel\u00e9kbe m\u00e1rtott keksz habcukor t\u00f6ltel\u00e9kkel - T.R.M. Hungary Kft.<\/title>\n<meta name=\"description\" content=\"tejbevon\u00f3ba \u00e9s k\u00f3kuszreszel\u00e9kbe m\u00e1rtott keksz habcukor t\u00f6ltel\u00e9kkel\" \/>\n<meta name=\"robots\" content=\"index, follow, max-snippet:-1, max-image-preview:large, max-video-preview:-1\" \/>\n<link rel=\"canonical\" href=\"https:\/\/trmhungary.hu\/index.php\/termek\/paradise-chocopaye-tejbevonoba-es-kokuszreszelekbe-martott-keksz-habcukor-toltelekkel\/\" \/>\n<meta property=\"og:locale\" content=\"hu_HU\" \/>\n<meta property=\"og:type\" content=\"article\" \/>\n<meta property=\"og:title\" content=\"Paradise Chocopaye tejbevon\u00f3ba \u00e9s k\u00f3kuszreszel\u00e9kbe m\u00e1rtott keksz habcukor t\u00f6ltel\u00e9kkel - T.R.M. Hungary Kft.\" \/>\n<meta property=\"og:description\" content=\"tejbevon\u00f3ba \u00e9s k\u00f3kuszreszel\u00e9kbe m\u00e1rtott keksz habcukor t\u00f6ltel\u00e9kkel\" \/>\n<meta property=\"og:url\" content=\"https:\/\/trmhungary.hu\/index.php\/termek\/paradise-chocopaye-tejbevonoba-es-kokuszreszelekbe-martott-keksz-habcukor-toltelekkel\/\" \/>\n<meta property=\"og:site_name\" content=\"T.R.M. Hungary Kft.\" \/>\n<meta property=\"article:modified_time\" content=\"2022-10-05T09:47:21+00:00\" \/>\n<meta property=\"og:image\" content=\"https:\/\/trmhungary.hu\/wp-content\/uploads\/2021\/10\/9-Paradise-Chocopaye-kakao.jpg\" \/>\n\t<meta property=\"og:image:width\" content=\"603\" \/>\n\t<meta property=\"og:image:height\" content=\"603\" \/>\n\t<meta property=\"og:image:type\" content=\"image\/jpeg\" \/>\n<meta name=\"twitter:card\" content=\"summary_large_image\" \/>\n<script type=\"application\/ld+json\" class=\"yoast-schema-graph\">{\"@context\":\"https:\\\/\\\/schema.org\",\"@graph\":[{\"@type\":\"WebPage\",\"@id\":\"https:\\\/\\\/trmhungary.hu\\\/index.php\\\/termek\\\/paradise-chocopaye-tejbevonoba-es-kokuszreszelekbe-martott-keksz-habcukor-toltelekkel\\\/\",\"url\":\"https:\\\/\\\/trmhungary.hu\\\/index.php\\\/termek\\\/paradise-chocopaye-tejbevonoba-es-kokuszreszelekbe-martott-keksz-habcukor-toltelekkel\\\/\",\"name\":\"Paradise Chocopaye tejbevon\u00f3ba \u00e9s k\u00f3kuszreszel\u00e9kbe m\u00e1rtott keksz habcukor t\u00f6ltel\u00e9kkel - T.R.M. Hungary Kft.\",\"isPartOf\":{\"@id\":\"https:\\\/\\\/trmhungary.hu\\\/#website\"},\"primaryImageOfPage\":{\"@id\":\"https:\\\/\\\/trmhungary.hu\\\/index.php\\\/termek\\\/paradise-chocopaye-tejbevonoba-es-kokuszreszelekbe-martott-keksz-habcukor-toltelekkel\\\/#primaryimage\"},\"image\":{\"@id\":\"https:\\\/\\\/trmhungary.hu\\\/index.php\\\/termek\\\/paradise-chocopaye-tejbevonoba-es-kokuszreszelekbe-martott-keksz-habcukor-toltelekkel\\\/#primaryimage\"},\"thumbnailUrl\":\"https:\\\/\\\/trmhungary.hu\\\/wp-content\\\/uploads\\\/2021\\\/10\\\/9-Paradise-Chocopaye-kakao.jpg\",\"datePublished\":\"2021-10-22T12:45:44+00:00\",\"dateModified\":\"2022-10-05T09:47:21+00:00\",\"description\":\"tejbevon\u00f3ba \u00e9s k\u00f3kuszreszel\u00e9kbe m\u00e1rtott keksz habcukor t\u00f6ltel\u00e9kkel\",\"breadcrumb\":{\"@id\":\"https:\\\/\\\/trmhungary.hu\\\/index.php\\\/termek\\\/paradise-chocopaye-tejbevonoba-es-kokuszreszelekbe-martott-keksz-habcukor-toltelekkel\\\/#breadcrumb\"},\"inLanguage\":\"hu\",\"potentialAction\":[{\"@type\":\"ReadAction\",\"target\":[\"https:\\\/\\\/trmhungary.hu\\\/index.php\\\/termek\\\/paradise-chocopaye-tejbevonoba-es-kokuszreszelekbe-martott-keksz-habcukor-toltelekkel\\\/\"]}]},{\"@type\":\"ImageObject\",\"inLanguage\":\"hu\",\"@id\":\"https:\\\/\\\/trmhungary.hu\\\/index.php\\\/termek\\\/paradise-chocopaye-tejbevonoba-es-kokuszreszelekbe-martott-keksz-habcukor-toltelekkel\\\/#primaryimage\",\"url\":\"https:\\\/\\\/trmhungary.hu\\\/wp-content\\\/uploads\\\/2021\\\/10\\\/9-Paradise-Chocopaye-kakao.jpg\",\"contentUrl\":\"https:\\\/\\\/trmhungary.hu\\\/wp-content\\\/uploads\\\/2021\\\/10\\\/9-Paradise-Chocopaye-kakao.jpg\",\"width\":603,\"height\":603,\"caption\":\"Paradise Chocopaye tejbevon\u00f3ba \u00e9s k\u00f3kuszreszel\u00e9kbe m\u00e1rtott keksz habcukor t\u00f6ltel\u00e9kkel\"},{\"@type\":\"BreadcrumbList\",\"@id\":\"https:\\\/\\\/trmhungary.hu\\\/index.php\\\/termek\\\/paradise-chocopaye-tejbevonoba-es-kokuszreszelekbe-martott-keksz-habcukor-toltelekkel\\\/#breadcrumb\",\"itemListElement\":[{\"@type\":\"ListItem\",\"position\":1,\"name\":\"Kezd\u0151lap\",\"item\":\"https:\\\/\\\/trmhungary.hu\\\/\"},{\"@type\":\"ListItem\",\"position\":2,\"name\":\"\u00dczlet\",\"item\":\"https:\\\/\\\/trmhungary.hu\\\/index.php\\\/uzlet\\\/\"},{\"@type\":\"ListItem\",\"position\":3,\"name\":\"Paradise Chocopaye tejbevon\u00f3ba \u00e9s k\u00f3kuszreszel\u00e9kbe m\u00e1rtott keksz habcukor t\u00f6ltel\u00e9kkel\"}]},{\"@type\":\"WebSite\",\"@id\":\"https:\\\/\\\/trmhungary.hu\\\/#website\",\"url\":\"https:\\\/\\\/trmhungary.hu\\\/\",\"name\":\"T.R.M. Hungary Kft.\",\"description\":\"\u00c9dess\u00e9gek sz\u00e9les v\u00e1laszt\u00e9ka, el\u00e9rhet\u0151 \u00e1ron\",\"publisher\":{\"@id\":\"https:\\\/\\\/trmhungary.hu\\\/#organization\"},\"potentialAction\":[{\"@type\":\"SearchAction\",\"target\":{\"@type\":\"EntryPoint\",\"urlTemplate\":\"https:\\\/\\\/trmhungary.hu\\\/?s={search_term_string}\"},\"query-input\":{\"@type\":\"PropertyValueSpecification\",\"valueRequired\":true,\"valueName\":\"search_term_string\"}}],\"inLanguage\":\"hu\"},{\"@type\":\"Organization\",\"@id\":\"https:\\\/\\\/trmhungary.hu\\\/#organization\",\"name\":\"T.R.M. Hungary Kft.\",\"url\":\"https:\\\/\\\/trmhungary.hu\\\/\",\"logo\":{\"@type\":\"ImageObject\",\"inLanguage\":\"hu\",\"@id\":\"https:\\\/\\\/trmhungary.hu\\\/#\\\/schema\\\/logo\\\/image\\\/\",\"url\":\"https:\\\/\\\/trmhungary.hu\\\/wp-content\\\/uploads\\\/2021\\\/10\\\/trm-logo3-e1700671179343.png\",\"contentUrl\":\"https:\\\/\\\/trmhungary.hu\\\/wp-content\\\/uploads\\\/2021\\\/10\\\/trm-logo3-e1700671179343.png\",\"width\":200,\"height\":214,\"caption\":\"T.R.M. Hungary Kft.\"},\"image\":{\"@id\":\"https:\\\/\\\/trmhungary.hu\\\/#\\\/schema\\\/logo\\\/image\\\/\"}}]}<\/script>\n<!-- \/ Yoast SEO plugin. -->","yoast_head_json":{"title":"Paradise Chocopaye tejbevon\u00f3ba \u00e9s k\u00f3kuszreszel\u00e9kbe m\u00e1rtott keksz habcukor t\u00f6ltel\u00e9kkel - T.R.M. Hungary Kft.","description":"tejbevon\u00f3ba \u00e9s k\u00f3kuszreszel\u00e9kbe m\u00e1rtott keksz habcukor t\u00f6ltel\u00e9kkel","robots":{"index":"index","follow":"follow","max-snippet":"max-snippet:-1","max-image-preview":"max-image-preview:large","max-video-preview":"max-video-preview:-1"},"canonical":"https:\/\/trmhungary.hu\/index.php\/termek\/paradise-chocopaye-tejbevonoba-es-kokuszreszelekbe-martott-keksz-habcukor-toltelekkel\/","og_locale":"hu_HU","og_type":"article","og_title":"Paradise Chocopaye tejbevon\u00f3ba \u00e9s k\u00f3kuszreszel\u00e9kbe m\u00e1rtott keksz habcukor t\u00f6ltel\u00e9kkel - T.R.M. Hungary Kft.","og_description":"tejbevon\u00f3ba \u00e9s k\u00f3kuszreszel\u00e9kbe m\u00e1rtott keksz habcukor t\u00f6ltel\u00e9kkel","og_url":"https:\/\/trmhungary.hu\/index.php\/termek\/paradise-chocopaye-tejbevonoba-es-kokuszreszelekbe-martott-keksz-habcukor-toltelekkel\/","og_site_name":"T.R.M. Hungary Kft.","article_modified_time":"2022-10-05T09:47:21+00:00","og_image":[{"width":603,"height":603,"url":"https:\/\/trmhungary.hu\/wp-content\/uploads\/2021\/10\/9-Paradise-Chocopaye-kakao.jpg","type":"image\/jpeg"}],"twitter_card":"summary_large_image","schema":{"@context":"https:\/\/schema.org","@graph":[{"@type":"WebPage","@id":"https:\/\/trmhungary.hu\/index.php\/termek\/paradise-chocopaye-tejbevonoba-es-kokuszreszelekbe-martott-keksz-habcukor-toltelekkel\/","url":"https:\/\/trmhungary.hu\/index.php\/termek\/paradise-chocopaye-tejbevonoba-es-kokuszreszelekbe-martott-keksz-habcukor-toltelekkel\/","name":"Paradise Chocopaye tejbevon\u00f3ba \u00e9s k\u00f3kuszreszel\u00e9kbe m\u00e1rtott keksz habcukor t\u00f6ltel\u00e9kkel - T.R.M. Hungary Kft.","isPartOf":{"@id":"https:\/\/trmhungary.hu\/#website"},"primaryImageOfPage":{"@id":"https:\/\/trmhungary.hu\/index.php\/termek\/paradise-chocopaye-tejbevonoba-es-kokuszreszelekbe-martott-keksz-habcukor-toltelekkel\/#primaryimage"},"image":{"@id":"https:\/\/trmhungary.hu\/index.php\/termek\/paradise-chocopaye-tejbevonoba-es-kokuszreszelekbe-martott-keksz-habcukor-toltelekkel\/#primaryimage"},"thumbnailUrl":"https:\/\/trmhungary.hu\/wp-content\/uploads\/2021\/10\/9-Paradise-Chocopaye-kakao.jpg","datePublished":"2021-10-22T12:45:44+00:00","dateModified":"2022-10-05T09:47:21+00:00","description":"tejbevon\u00f3ba \u00e9s k\u00f3kuszreszel\u00e9kbe m\u00e1rtott keksz habcukor t\u00f6ltel\u00e9kkel","breadcrumb":{"@id":"https:\/\/trmhungary.hu\/index.php\/termek\/paradise-chocopaye-tejbevonoba-es-kokuszreszelekbe-martott-keksz-habcukor-toltelekkel\/#breadcrumb"},"inLanguage":"hu","potentialAction":[{"@type":"ReadAction","target":["https:\/\/trmhungary.hu\/index.php\/termek\/paradise-chocopaye-tejbevonoba-es-kokuszreszelekbe-martott-keksz-habcukor-toltelekkel\/"]}]},{"@type":"ImageObject","inLanguage":"hu","@id":"https:\/\/trmhungary.hu\/index.php\/termek\/paradise-chocopaye-tejbevonoba-es-kokuszreszelekbe-martott-keksz-habcukor-toltelekkel\/#primaryimage","url":"https:\/\/trmhungary.hu\/wp-content\/uploads\/2021\/10\/9-Paradise-Chocopaye-kakao.jpg","contentUrl":"https:\/\/trmhungary.hu\/wp-content\/uploads\/2021\/10\/9-Paradise-Chocopaye-kakao.jpg","width":603,"height":603,"caption":"Paradise Chocopaye tejbevon\u00f3ba \u00e9s k\u00f3kuszreszel\u00e9kbe m\u00e1rtott keksz habcukor t\u00f6ltel\u00e9kkel"},{"@type":"BreadcrumbList","@id":"https:\/\/trmhungary.hu\/index.php\/termek\/paradise-chocopaye-tejbevonoba-es-kokuszreszelekbe-martott-keksz-habcukor-toltelekkel\/#breadcrumb","itemListElement":[{"@type":"ListItem","position":1,"name":"Kezd\u0151lap","item":"https:\/\/trmhungary.hu\/"},{"@type":"ListItem","position":2,"name":"\u00dczlet","item":"https:\/\/trmhungary.hu\/index.php\/uzlet\/"},{"@type":"ListItem","position":3,"name":"Paradise Chocopaye tejbevon\u00f3ba \u00e9s k\u00f3kuszreszel\u00e9kbe m\u00e1rtott keksz habcukor t\u00f6ltel\u00e9kkel"}]},{"@type":"WebSite","@id":"https:\/\/trmhungary.hu\/#website","url":"https:\/\/trmhungary.hu\/","name":"T.R.M. Hungary Kft.","description":"\u00c9dess\u00e9gek sz\u00e9les v\u00e1laszt\u00e9ka, el\u00e9rhet\u0151 \u00e1ron","publisher":{"@id":"https:\/\/trmhungary.hu\/#organization"},"potentialAction":[{"@type":"SearchAction","target":{"@type":"EntryPoint","urlTemplate":"https:\/\/trmhungary.hu\/?s={search_term_string}"},"query-input":{"@type":"PropertyValueSpecification","valueRequired":true,"valueName":"search_term_string"}}],"inLanguage":"hu"},{"@type":"Organization","@id":"https:\/\/trmhungary.hu\/#organization","name":"T.R.M. Hungary Kft.","url":"https:\/\/trmhungary.hu\/","logo":{"@type":"ImageObject","inLanguage":"hu","@id":"https:\/\/trmhungary.hu\/#\/schema\/logo\/image\/","url":"https:\/\/trmhungary.hu\/wp-content\/uploads\/2021\/10\/trm-logo3-e1700671179343.png","contentUrl":"https:\/\/trmhungary.hu\/wp-content\/uploads\/2021\/10\/trm-logo3-e1700671179343.png","width":200,"height":214,"caption":"T.R.M. Hungary Kft."},"image":{"@id":"https:\/\/trmhungary.hu\/#\/schema\/logo\/image\/"}}]}},"_links":{"self":[{"href":"https:\/\/trmhungary.hu\/index.php\/wp-json\/wp\/v2\/product\/176","targetHints":{"allow":["GET"]}}],"collection":[{"href":"https:\/\/trmhungary.hu\/index.php\/wp-json\/wp\/v2\/product"}],"about":[{"href":"https:\/\/trmhungary.hu\/index.php\/wp-json\/wp\/v2\/types\/product"}],"version-history":[{"count":0,"href":"https:\/\/trmhungary.hu\/index.php\/wp-json\/wp\/v2\/product\/176\/revisions"}],"wp:featuredmedia":[{"embeddable":true,"href":"https:\/\/trmhungary.hu\/index.php\/wp-json\/wp\/v2\/media\/177"}],"wp:attachment":[{"href":"https:\/\/trmhungary.hu\/index.php\/wp-json\/wp\/v2\/media?parent=176"}],"wp:term":[{"taxonomy":"product_brand","embeddable":true,"href":"https:\/\/trmhungary.hu\/index.php\/wp-json\/wp\/v2\/product_brand?post=176"},{"taxonomy":"product_cat","embeddable":true,"href":"https:\/\/trmhungary.hu\/index.php\/wp-json\/wp\/v2\/product_cat?post=176"},{"taxonomy":"product_tag","embeddable":true,"href":"https:\/\/trmhungary.hu\/index.php\/wp-json\/wp\/v2\/product_tag?post=176"}],"curies":[{"name":"wp","href":"https:\/\/api.w.org\/{rel}","templated":true}]}}