{"id":1837,"date":"2022-10-05T14:51:47","date_gmt":"2022-10-05T13:51:47","guid":{"rendered":"https:\/\/trmhungarykft.hu\/?post_type=product&#038;p=1837"},"modified":"2022-10-05T14:51:47","modified_gmt":"2022-10-05T13:51:47","slug":"ola-bola-eper-izu-ragogumi-tetovaloval","status":"publish","type":"product","link":"https:\/\/trmhungary.hu\/index.php\/termek\/ola-bola-eper-izu-ragogumi-tetovaloval\/","title":{"rendered":"Ola Bola eper \u00edz\u0171 r\u00e1g\u00f3gumi tetov\u00e1l\u00f3val"},"content":{"rendered":"","protected":false},"excerpt":{"rendered":"<p>400 gr<\/p>\n<p>Kiszerel\u00e9s: 24 k\u00edn\u00e1l\u00f3\/karton<\/p>\n","protected":false},"featured_media":1838,"template":"","meta":[],"product_brand":[],"product_cat":[34],"product_tag":[],"class_list":{"0":"post-1837","1":"product","2":"type-product","3":"status-publish","4":"has-post-thumbnail","6":"product_cat-ragogumi","8":"first","9":"instock","10":"shipping-taxable","11":"product-type-simple"},"yoast_head":"<!-- This site is optimized with the Yoast SEO plugin v27.3 - https:\/\/yoast.com\/product\/yoast-seo-wordpress\/ -->\n<title>Ola Bola eper \u00edz\u0171 r\u00e1g\u00f3gumi tetov\u00e1l\u00f3val<\/title>\n<meta name=\"description\" content=\"Ola Bola eper \u00edz\u0171 r\u00e1g\u00f3gumi tetov\u00e1l\u00f3val\" \/>\n<meta name=\"robots\" content=\"index, follow, max-snippet:-1, max-image-preview:large, max-video-preview:-1\" \/>\n<link rel=\"canonical\" href=\"https:\/\/trmhungary.hu\/index.php\/termek\/ola-bola-eper-izu-ragogumi-tetovaloval\/\" \/>\n<meta property=\"og:locale\" content=\"hu_HU\" \/>\n<meta property=\"og:type\" content=\"article\" \/>\n<meta property=\"og:title\" content=\"Ola Bola eper \u00edz\u0171 r\u00e1g\u00f3gumi tetov\u00e1l\u00f3val\" \/>\n<meta property=\"og:description\" content=\"Ola Bola eper \u00edz\u0171 r\u00e1g\u00f3gumi tetov\u00e1l\u00f3val\" \/>\n<meta property=\"og:url\" content=\"https:\/\/trmhungary.hu\/index.php\/termek\/ola-bola-eper-izu-ragogumi-tetovaloval\/\" \/>\n<meta property=\"og:site_name\" content=\"T.R.M. Hungary Kft.\" \/>\n<meta property=\"og:image\" content=\"https:\/\/trmhungary.hu\/wp-content\/uploads\/2022\/10\/IMG_20220602_121813-removebg-preview-1.png\" \/>\n\t<meta property=\"og:image:width\" content=\"433\" \/>\n\t<meta property=\"og:image:height\" content=\"577\" \/>\n\t<meta property=\"og:image:type\" content=\"image\/png\" \/>\n<meta name=\"twitter:card\" content=\"summary_large_image\" \/>\n<script type=\"application\/ld+json\" class=\"yoast-schema-graph\">{\"@context\":\"https:\\\/\\\/schema.org\",\"@graph\":[{\"@type\":\"WebPage\",\"@id\":\"https:\\\/\\\/trmhungary.hu\\\/index.php\\\/termek\\\/ola-bola-eper-izu-ragogumi-tetovaloval\\\/\",\"url\":\"https:\\\/\\\/trmhungary.hu\\\/index.php\\\/termek\\\/ola-bola-eper-izu-ragogumi-tetovaloval\\\/\",\"name\":\"Ola Bola eper \u00edz\u0171 r\u00e1g\u00f3gumi tetov\u00e1l\u00f3val\",\"isPartOf\":{\"@id\":\"https:\\\/\\\/trmhungary.hu\\\/#website\"},\"primaryImageOfPage\":{\"@id\":\"https:\\\/\\\/trmhungary.hu\\\/index.php\\\/termek\\\/ola-bola-eper-izu-ragogumi-tetovaloval\\\/#primaryimage\"},\"image\":{\"@id\":\"https:\\\/\\\/trmhungary.hu\\\/index.php\\\/termek\\\/ola-bola-eper-izu-ragogumi-tetovaloval\\\/#primaryimage\"},\"thumbnailUrl\":\"https:\\\/\\\/trmhungary.hu\\\/wp-content\\\/uploads\\\/2022\\\/10\\\/IMG_20220602_121813-removebg-preview-1.png\",\"datePublished\":\"2022-10-05T13:51:47+00:00\",\"description\":\"Ola Bola eper \u00edz\u0171 r\u00e1g\u00f3gumi tetov\u00e1l\u00f3val\",\"breadcrumb\":{\"@id\":\"https:\\\/\\\/trmhungary.hu\\\/index.php\\\/termek\\\/ola-bola-eper-izu-ragogumi-tetovaloval\\\/#breadcrumb\"},\"inLanguage\":\"hu\",\"potentialAction\":[{\"@type\":\"ReadAction\",\"target\":[\"https:\\\/\\\/trmhungary.hu\\\/index.php\\\/termek\\\/ola-bola-eper-izu-ragogumi-tetovaloval\\\/\"]}]},{\"@type\":\"ImageObject\",\"inLanguage\":\"hu\",\"@id\":\"https:\\\/\\\/trmhungary.hu\\\/index.php\\\/termek\\\/ola-bola-eper-izu-ragogumi-tetovaloval\\\/#primaryimage\",\"url\":\"https:\\\/\\\/trmhungary.hu\\\/wp-content\\\/uploads\\\/2022\\\/10\\\/IMG_20220602_121813-removebg-preview-1.png\",\"contentUrl\":\"https:\\\/\\\/trmhungary.hu\\\/wp-content\\\/uploads\\\/2022\\\/10\\\/IMG_20220602_121813-removebg-preview-1.png\",\"width\":433,\"height\":577,\"caption\":\"Ola Bola eper\"},{\"@type\":\"BreadcrumbList\",\"@id\":\"https:\\\/\\\/trmhungary.hu\\\/index.php\\\/termek\\\/ola-bola-eper-izu-ragogumi-tetovaloval\\\/#breadcrumb\",\"itemListElement\":[{\"@type\":\"ListItem\",\"position\":1,\"name\":\"Kezd\u0151lap\",\"item\":\"https:\\\/\\\/trmhungary.hu\\\/\"},{\"@type\":\"ListItem\",\"position\":2,\"name\":\"\u00dczlet\",\"item\":\"https:\\\/\\\/trmhungary.hu\\\/index.php\\\/uzlet\\\/\"},{\"@type\":\"ListItem\",\"position\":3,\"name\":\"Ola Bola eper \u00edz\u0171 r\u00e1g\u00f3gumi tetov\u00e1l\u00f3val\"}]},{\"@type\":\"WebSite\",\"@id\":\"https:\\\/\\\/trmhungary.hu\\\/#website\",\"url\":\"https:\\\/\\\/trmhungary.hu\\\/\",\"name\":\"T.R.M. Hungary Kft.\",\"description\":\"\u00c9dess\u00e9gek sz\u00e9les v\u00e1laszt\u00e9ka, el\u00e9rhet\u0151 \u00e1ron\",\"publisher\":{\"@id\":\"https:\\\/\\\/trmhungary.hu\\\/#organization\"},\"potentialAction\":[{\"@type\":\"SearchAction\",\"target\":{\"@type\":\"EntryPoint\",\"urlTemplate\":\"https:\\\/\\\/trmhungary.hu\\\/?s={search_term_string}\"},\"query-input\":{\"@type\":\"PropertyValueSpecification\",\"valueRequired\":true,\"valueName\":\"search_term_string\"}}],\"inLanguage\":\"hu\"},{\"@type\":\"Organization\",\"@id\":\"https:\\\/\\\/trmhungary.hu\\\/#organization\",\"name\":\"T.R.M. Hungary Kft.\",\"url\":\"https:\\\/\\\/trmhungary.hu\\\/\",\"logo\":{\"@type\":\"ImageObject\",\"inLanguage\":\"hu\",\"@id\":\"https:\\\/\\\/trmhungary.hu\\\/#\\\/schema\\\/logo\\\/image\\\/\",\"url\":\"https:\\\/\\\/trmhungary.hu\\\/wp-content\\\/uploads\\\/2021\\\/10\\\/trm-logo3-e1700671179343.png\",\"contentUrl\":\"https:\\\/\\\/trmhungary.hu\\\/wp-content\\\/uploads\\\/2021\\\/10\\\/trm-logo3-e1700671179343.png\",\"width\":200,\"height\":214,\"caption\":\"T.R.M. Hungary Kft.\"},\"image\":{\"@id\":\"https:\\\/\\\/trmhungary.hu\\\/#\\\/schema\\\/logo\\\/image\\\/\"}}]}<\/script>\n<!-- \/ Yoast SEO plugin. -->","yoast_head_json":{"title":"Ola Bola eper \u00edz\u0171 r\u00e1g\u00f3gumi tetov\u00e1l\u00f3val","description":"Ola Bola eper \u00edz\u0171 r\u00e1g\u00f3gumi tetov\u00e1l\u00f3val","robots":{"index":"index","follow":"follow","max-snippet":"max-snippet:-1","max-image-preview":"max-image-preview:large","max-video-preview":"max-video-preview:-1"},"canonical":"https:\/\/trmhungary.hu\/index.php\/termek\/ola-bola-eper-izu-ragogumi-tetovaloval\/","og_locale":"hu_HU","og_type":"article","og_title":"Ola Bola eper \u00edz\u0171 r\u00e1g\u00f3gumi tetov\u00e1l\u00f3val","og_description":"Ola Bola eper \u00edz\u0171 r\u00e1g\u00f3gumi tetov\u00e1l\u00f3val","og_url":"https:\/\/trmhungary.hu\/index.php\/termek\/ola-bola-eper-izu-ragogumi-tetovaloval\/","og_site_name":"T.R.M. Hungary Kft.","og_image":[{"width":433,"height":577,"url":"https:\/\/trmhungary.hu\/wp-content\/uploads\/2022\/10\/IMG_20220602_121813-removebg-preview-1.png","type":"image\/png"}],"twitter_card":"summary_large_image","schema":{"@context":"https:\/\/schema.org","@graph":[{"@type":"WebPage","@id":"https:\/\/trmhungary.hu\/index.php\/termek\/ola-bola-eper-izu-ragogumi-tetovaloval\/","url":"https:\/\/trmhungary.hu\/index.php\/termek\/ola-bola-eper-izu-ragogumi-tetovaloval\/","name":"Ola Bola eper \u00edz\u0171 r\u00e1g\u00f3gumi tetov\u00e1l\u00f3val","isPartOf":{"@id":"https:\/\/trmhungary.hu\/#website"},"primaryImageOfPage":{"@id":"https:\/\/trmhungary.hu\/index.php\/termek\/ola-bola-eper-izu-ragogumi-tetovaloval\/#primaryimage"},"image":{"@id":"https:\/\/trmhungary.hu\/index.php\/termek\/ola-bola-eper-izu-ragogumi-tetovaloval\/#primaryimage"},"thumbnailUrl":"https:\/\/trmhungary.hu\/wp-content\/uploads\/2022\/10\/IMG_20220602_121813-removebg-preview-1.png","datePublished":"2022-10-05T13:51:47+00:00","description":"Ola Bola eper \u00edz\u0171 r\u00e1g\u00f3gumi tetov\u00e1l\u00f3val","breadcrumb":{"@id":"https:\/\/trmhungary.hu\/index.php\/termek\/ola-bola-eper-izu-ragogumi-tetovaloval\/#breadcrumb"},"inLanguage":"hu","potentialAction":[{"@type":"ReadAction","target":["https:\/\/trmhungary.hu\/index.php\/termek\/ola-bola-eper-izu-ragogumi-tetovaloval\/"]}]},{"@type":"ImageObject","inLanguage":"hu","@id":"https:\/\/trmhungary.hu\/index.php\/termek\/ola-bola-eper-izu-ragogumi-tetovaloval\/#primaryimage","url":"https:\/\/trmhungary.hu\/wp-content\/uploads\/2022\/10\/IMG_20220602_121813-removebg-preview-1.png","contentUrl":"https:\/\/trmhungary.hu\/wp-content\/uploads\/2022\/10\/IMG_20220602_121813-removebg-preview-1.png","width":433,"height":577,"caption":"Ola Bola eper"},{"@type":"BreadcrumbList","@id":"https:\/\/trmhungary.hu\/index.php\/termek\/ola-bola-eper-izu-ragogumi-tetovaloval\/#breadcrumb","itemListElement":[{"@type":"ListItem","position":1,"name":"Kezd\u0151lap","item":"https:\/\/trmhungary.hu\/"},{"@type":"ListItem","position":2,"name":"\u00dczlet","item":"https:\/\/trmhungary.hu\/index.php\/uzlet\/"},{"@type":"ListItem","position":3,"name":"Ola Bola eper \u00edz\u0171 r\u00e1g\u00f3gumi tetov\u00e1l\u00f3val"}]},{"@type":"WebSite","@id":"https:\/\/trmhungary.hu\/#website","url":"https:\/\/trmhungary.hu\/","name":"T.R.M. Hungary Kft.","description":"\u00c9dess\u00e9gek sz\u00e9les v\u00e1laszt\u00e9ka, el\u00e9rhet\u0151 \u00e1ron","publisher":{"@id":"https:\/\/trmhungary.hu\/#organization"},"potentialAction":[{"@type":"SearchAction","target":{"@type":"EntryPoint","urlTemplate":"https:\/\/trmhungary.hu\/?s={search_term_string}"},"query-input":{"@type":"PropertyValueSpecification","valueRequired":true,"valueName":"search_term_string"}}],"inLanguage":"hu"},{"@type":"Organization","@id":"https:\/\/trmhungary.hu\/#organization","name":"T.R.M. Hungary Kft.","url":"https:\/\/trmhungary.hu\/","logo":{"@type":"ImageObject","inLanguage":"hu","@id":"https:\/\/trmhungary.hu\/#\/schema\/logo\/image\/","url":"https:\/\/trmhungary.hu\/wp-content\/uploads\/2021\/10\/trm-logo3-e1700671179343.png","contentUrl":"https:\/\/trmhungary.hu\/wp-content\/uploads\/2021\/10\/trm-logo3-e1700671179343.png","width":200,"height":214,"caption":"T.R.M. Hungary Kft."},"image":{"@id":"https:\/\/trmhungary.hu\/#\/schema\/logo\/image\/"}}]}},"_links":{"self":[{"href":"https:\/\/trmhungary.hu\/index.php\/wp-json\/wp\/v2\/product\/1837","targetHints":{"allow":["GET"]}}],"collection":[{"href":"https:\/\/trmhungary.hu\/index.php\/wp-json\/wp\/v2\/product"}],"about":[{"href":"https:\/\/trmhungary.hu\/index.php\/wp-json\/wp\/v2\/types\/product"}],"version-history":[{"count":0,"href":"https:\/\/trmhungary.hu\/index.php\/wp-json\/wp\/v2\/product\/1837\/revisions"}],"wp:featuredmedia":[{"embeddable":true,"href":"https:\/\/trmhungary.hu\/index.php\/wp-json\/wp\/v2\/media\/1838"}],"wp:attachment":[{"href":"https:\/\/trmhungary.hu\/index.php\/wp-json\/wp\/v2\/media?parent=1837"}],"wp:term":[{"taxonomy":"product_brand","embeddable":true,"href":"https:\/\/trmhungary.hu\/index.php\/wp-json\/wp\/v2\/product_brand?post=1837"},{"taxonomy":"product_cat","embeddable":true,"href":"https:\/\/trmhungary.hu\/index.php\/wp-json\/wp\/v2\/product_cat?post=1837"},{"taxonomy":"product_tag","embeddable":true,"href":"https:\/\/trmhungary.hu\/index.php\/wp-json\/wp\/v2\/product_tag?post=1837"}],"curies":[{"name":"wp","href":"https:\/\/api.w.org\/{rel}","templated":true}]}}