{"id":186,"date":"2021-10-22T13:57:04","date_gmt":"2021-10-22T12:57:04","guid":{"rendered":"https:\/\/trmhungarykft.hu\/?post_type=product&#038;p=186"},"modified":"2022-10-05T10:45:40","modified_gmt":"2022-10-05T09:45:40","slug":"paradise-fun-eper-izu-kremmel-toltott-keksz","status":"publish","type":"product","link":"https:\/\/trmhungary.hu\/index.php\/termek\/paradise-fun-eper-izu-kremmel-toltott-keksz\/","title":{"rendered":"Paradise Fun eper \u00edz\u0171 kr\u00e9mmel t\u00f6lt\u00f6tt keksz"},"content":{"rendered":"","protected":false},"excerpt":{"rendered":"<p>60 g<\/p>\n<p>Kiszerel\u00e9s: 24 db\/k\u00edn\u00e1l\u00f3<\/p>\n<p>6 k\u00edn\u00e1l\u00f3\/karton<\/p>\n","protected":false},"featured_media":187,"template":"","meta":[],"product_brand":[],"product_cat":[21,28],"product_tag":[],"class_list":{"0":"post-186","1":"product","2":"type-product","3":"status-publish","4":"has-post-thumbnail","6":"product_cat-keksz","7":"product_cat-paradise-fun","9":"first","10":"instock","11":"shipping-taxable","12":"product-type-simple"},"yoast_head":"<!-- This site is optimized with the Yoast SEO plugin v27.3 - https:\/\/yoast.com\/product\/yoast-seo-wordpress\/ -->\n<title>Paradise Fun eper \u00edz\u0171 kr\u00e9mmel t\u00f6lt\u00f6tt keksz - T.R.M. Hungary Kft.<\/title>\n<meta name=\"description\" content=\"eper \u00edz\u0171 kr\u00e9mmel t\u00f6lt\u00f6tt keksz\" \/>\n<meta name=\"robots\" content=\"index, follow, max-snippet:-1, max-image-preview:large, max-video-preview:-1\" \/>\n<link rel=\"canonical\" href=\"https:\/\/trmhungary.hu\/index.php\/termek\/paradise-fun-eper-izu-kremmel-toltott-keksz\/\" \/>\n<meta property=\"og:locale\" content=\"hu_HU\" \/>\n<meta property=\"og:type\" content=\"article\" \/>\n<meta property=\"og:title\" content=\"Paradise Fun eper \u00edz\u0171 kr\u00e9mmel t\u00f6lt\u00f6tt keksz - T.R.M. Hungary Kft.\" \/>\n<meta property=\"og:description\" content=\"eper \u00edz\u0171 kr\u00e9mmel t\u00f6lt\u00f6tt keksz\" \/>\n<meta property=\"og:url\" content=\"https:\/\/trmhungary.hu\/index.php\/termek\/paradise-fun-eper-izu-kremmel-toltott-keksz\/\" \/>\n<meta property=\"og:site_name\" content=\"T.R.M. Hungary Kft.\" \/>\n<meta property=\"article:modified_time\" content=\"2022-10-05T09:45:40+00:00\" \/>\n<meta property=\"og:image\" content=\"https:\/\/trmhungary.hu\/wp-content\/uploads\/2021\/10\/14-Paradise-Fun-eper_.jpg\" \/>\n\t<meta property=\"og:image:width\" content=\"1000\" \/>\n\t<meta property=\"og:image:height\" content=\"1000\" \/>\n\t<meta property=\"og:image:type\" content=\"image\/jpeg\" \/>\n<meta name=\"twitter:card\" content=\"summary_large_image\" \/>\n<script type=\"application\/ld+json\" class=\"yoast-schema-graph\">{\"@context\":\"https:\\\/\\\/schema.org\",\"@graph\":[{\"@type\":\"WebPage\",\"@id\":\"https:\\\/\\\/trmhungary.hu\\\/index.php\\\/termek\\\/paradise-fun-eper-izu-kremmel-toltott-keksz\\\/\",\"url\":\"https:\\\/\\\/trmhungary.hu\\\/index.php\\\/termek\\\/paradise-fun-eper-izu-kremmel-toltott-keksz\\\/\",\"name\":\"Paradise Fun eper \u00edz\u0171 kr\u00e9mmel t\u00f6lt\u00f6tt keksz - T.R.M. Hungary Kft.\",\"isPartOf\":{\"@id\":\"https:\\\/\\\/trmhungary.hu\\\/#website\"},\"primaryImageOfPage\":{\"@id\":\"https:\\\/\\\/trmhungary.hu\\\/index.php\\\/termek\\\/paradise-fun-eper-izu-kremmel-toltott-keksz\\\/#primaryimage\"},\"image\":{\"@id\":\"https:\\\/\\\/trmhungary.hu\\\/index.php\\\/termek\\\/paradise-fun-eper-izu-kremmel-toltott-keksz\\\/#primaryimage\"},\"thumbnailUrl\":\"https:\\\/\\\/trmhungary.hu\\\/wp-content\\\/uploads\\\/2021\\\/10\\\/14-Paradise-Fun-eper_.jpg\",\"datePublished\":\"2021-10-22T12:57:04+00:00\",\"dateModified\":\"2022-10-05T09:45:40+00:00\",\"description\":\"eper \u00edz\u0171 kr\u00e9mmel t\u00f6lt\u00f6tt keksz\",\"breadcrumb\":{\"@id\":\"https:\\\/\\\/trmhungary.hu\\\/index.php\\\/termek\\\/paradise-fun-eper-izu-kremmel-toltott-keksz\\\/#breadcrumb\"},\"inLanguage\":\"hu\",\"potentialAction\":[{\"@type\":\"ReadAction\",\"target\":[\"https:\\\/\\\/trmhungary.hu\\\/index.php\\\/termek\\\/paradise-fun-eper-izu-kremmel-toltott-keksz\\\/\"]}]},{\"@type\":\"ImageObject\",\"inLanguage\":\"hu\",\"@id\":\"https:\\\/\\\/trmhungary.hu\\\/index.php\\\/termek\\\/paradise-fun-eper-izu-kremmel-toltott-keksz\\\/#primaryimage\",\"url\":\"https:\\\/\\\/trmhungary.hu\\\/wp-content\\\/uploads\\\/2021\\\/10\\\/14-Paradise-Fun-eper_.jpg\",\"contentUrl\":\"https:\\\/\\\/trmhungary.hu\\\/wp-content\\\/uploads\\\/2021\\\/10\\\/14-Paradise-Fun-eper_.jpg\",\"width\":1000,\"height\":1000,\"caption\":\"Paradise Fun eper \u00edz\u0171 kr\u00e9mmel t\u00f6lt\u00f6tt keksz\"},{\"@type\":\"BreadcrumbList\",\"@id\":\"https:\\\/\\\/trmhungary.hu\\\/index.php\\\/termek\\\/paradise-fun-eper-izu-kremmel-toltott-keksz\\\/#breadcrumb\",\"itemListElement\":[{\"@type\":\"ListItem\",\"position\":1,\"name\":\"Kezd\u0151lap\",\"item\":\"https:\\\/\\\/trmhungary.hu\\\/\"},{\"@type\":\"ListItem\",\"position\":2,\"name\":\"\u00dczlet\",\"item\":\"https:\\\/\\\/trmhungary.hu\\\/index.php\\\/uzlet\\\/\"},{\"@type\":\"ListItem\",\"position\":3,\"name\":\"Paradise Fun eper \u00edz\u0171 kr\u00e9mmel t\u00f6lt\u00f6tt keksz\"}]},{\"@type\":\"WebSite\",\"@id\":\"https:\\\/\\\/trmhungary.hu\\\/#website\",\"url\":\"https:\\\/\\\/trmhungary.hu\\\/\",\"name\":\"T.R.M. Hungary Kft.\",\"description\":\"\u00c9dess\u00e9gek sz\u00e9les v\u00e1laszt\u00e9ka, el\u00e9rhet\u0151 \u00e1ron\",\"publisher\":{\"@id\":\"https:\\\/\\\/trmhungary.hu\\\/#organization\"},\"potentialAction\":[{\"@type\":\"SearchAction\",\"target\":{\"@type\":\"EntryPoint\",\"urlTemplate\":\"https:\\\/\\\/trmhungary.hu\\\/?s={search_term_string}\"},\"query-input\":{\"@type\":\"PropertyValueSpecification\",\"valueRequired\":true,\"valueName\":\"search_term_string\"}}],\"inLanguage\":\"hu\"},{\"@type\":\"Organization\",\"@id\":\"https:\\\/\\\/trmhungary.hu\\\/#organization\",\"name\":\"T.R.M. Hungary Kft.\",\"url\":\"https:\\\/\\\/trmhungary.hu\\\/\",\"logo\":{\"@type\":\"ImageObject\",\"inLanguage\":\"hu\",\"@id\":\"https:\\\/\\\/trmhungary.hu\\\/#\\\/schema\\\/logo\\\/image\\\/\",\"url\":\"https:\\\/\\\/trmhungary.hu\\\/wp-content\\\/uploads\\\/2021\\\/10\\\/trm-logo3-e1700671179343.png\",\"contentUrl\":\"https:\\\/\\\/trmhungary.hu\\\/wp-content\\\/uploads\\\/2021\\\/10\\\/trm-logo3-e1700671179343.png\",\"width\":200,\"height\":214,\"caption\":\"T.R.M. Hungary Kft.\"},\"image\":{\"@id\":\"https:\\\/\\\/trmhungary.hu\\\/#\\\/schema\\\/logo\\\/image\\\/\"}}]}<\/script>\n<!-- \/ Yoast SEO plugin. -->","yoast_head_json":{"title":"Paradise Fun eper \u00edz\u0171 kr\u00e9mmel t\u00f6lt\u00f6tt keksz - T.R.M. Hungary Kft.","description":"eper \u00edz\u0171 kr\u00e9mmel t\u00f6lt\u00f6tt keksz","robots":{"index":"index","follow":"follow","max-snippet":"max-snippet:-1","max-image-preview":"max-image-preview:large","max-video-preview":"max-video-preview:-1"},"canonical":"https:\/\/trmhungary.hu\/index.php\/termek\/paradise-fun-eper-izu-kremmel-toltott-keksz\/","og_locale":"hu_HU","og_type":"article","og_title":"Paradise Fun eper \u00edz\u0171 kr\u00e9mmel t\u00f6lt\u00f6tt keksz - T.R.M. Hungary Kft.","og_description":"eper \u00edz\u0171 kr\u00e9mmel t\u00f6lt\u00f6tt keksz","og_url":"https:\/\/trmhungary.hu\/index.php\/termek\/paradise-fun-eper-izu-kremmel-toltott-keksz\/","og_site_name":"T.R.M. Hungary Kft.","article_modified_time":"2022-10-05T09:45:40+00:00","og_image":[{"width":1000,"height":1000,"url":"https:\/\/trmhungary.hu\/wp-content\/uploads\/2021\/10\/14-Paradise-Fun-eper_.jpg","type":"image\/jpeg"}],"twitter_card":"summary_large_image","schema":{"@context":"https:\/\/schema.org","@graph":[{"@type":"WebPage","@id":"https:\/\/trmhungary.hu\/index.php\/termek\/paradise-fun-eper-izu-kremmel-toltott-keksz\/","url":"https:\/\/trmhungary.hu\/index.php\/termek\/paradise-fun-eper-izu-kremmel-toltott-keksz\/","name":"Paradise Fun eper \u00edz\u0171 kr\u00e9mmel t\u00f6lt\u00f6tt keksz - T.R.M. Hungary Kft.","isPartOf":{"@id":"https:\/\/trmhungary.hu\/#website"},"primaryImageOfPage":{"@id":"https:\/\/trmhungary.hu\/index.php\/termek\/paradise-fun-eper-izu-kremmel-toltott-keksz\/#primaryimage"},"image":{"@id":"https:\/\/trmhungary.hu\/index.php\/termek\/paradise-fun-eper-izu-kremmel-toltott-keksz\/#primaryimage"},"thumbnailUrl":"https:\/\/trmhungary.hu\/wp-content\/uploads\/2021\/10\/14-Paradise-Fun-eper_.jpg","datePublished":"2021-10-22T12:57:04+00:00","dateModified":"2022-10-05T09:45:40+00:00","description":"eper \u00edz\u0171 kr\u00e9mmel t\u00f6lt\u00f6tt keksz","breadcrumb":{"@id":"https:\/\/trmhungary.hu\/index.php\/termek\/paradise-fun-eper-izu-kremmel-toltott-keksz\/#breadcrumb"},"inLanguage":"hu","potentialAction":[{"@type":"ReadAction","target":["https:\/\/trmhungary.hu\/index.php\/termek\/paradise-fun-eper-izu-kremmel-toltott-keksz\/"]}]},{"@type":"ImageObject","inLanguage":"hu","@id":"https:\/\/trmhungary.hu\/index.php\/termek\/paradise-fun-eper-izu-kremmel-toltott-keksz\/#primaryimage","url":"https:\/\/trmhungary.hu\/wp-content\/uploads\/2021\/10\/14-Paradise-Fun-eper_.jpg","contentUrl":"https:\/\/trmhungary.hu\/wp-content\/uploads\/2021\/10\/14-Paradise-Fun-eper_.jpg","width":1000,"height":1000,"caption":"Paradise Fun eper \u00edz\u0171 kr\u00e9mmel t\u00f6lt\u00f6tt keksz"},{"@type":"BreadcrumbList","@id":"https:\/\/trmhungary.hu\/index.php\/termek\/paradise-fun-eper-izu-kremmel-toltott-keksz\/#breadcrumb","itemListElement":[{"@type":"ListItem","position":1,"name":"Kezd\u0151lap","item":"https:\/\/trmhungary.hu\/"},{"@type":"ListItem","position":2,"name":"\u00dczlet","item":"https:\/\/trmhungary.hu\/index.php\/uzlet\/"},{"@type":"ListItem","position":3,"name":"Paradise Fun eper \u00edz\u0171 kr\u00e9mmel t\u00f6lt\u00f6tt keksz"}]},{"@type":"WebSite","@id":"https:\/\/trmhungary.hu\/#website","url":"https:\/\/trmhungary.hu\/","name":"T.R.M. Hungary Kft.","description":"\u00c9dess\u00e9gek sz\u00e9les v\u00e1laszt\u00e9ka, el\u00e9rhet\u0151 \u00e1ron","publisher":{"@id":"https:\/\/trmhungary.hu\/#organization"},"potentialAction":[{"@type":"SearchAction","target":{"@type":"EntryPoint","urlTemplate":"https:\/\/trmhungary.hu\/?s={search_term_string}"},"query-input":{"@type":"PropertyValueSpecification","valueRequired":true,"valueName":"search_term_string"}}],"inLanguage":"hu"},{"@type":"Organization","@id":"https:\/\/trmhungary.hu\/#organization","name":"T.R.M. Hungary Kft.","url":"https:\/\/trmhungary.hu\/","logo":{"@type":"ImageObject","inLanguage":"hu","@id":"https:\/\/trmhungary.hu\/#\/schema\/logo\/image\/","url":"https:\/\/trmhungary.hu\/wp-content\/uploads\/2021\/10\/trm-logo3-e1700671179343.png","contentUrl":"https:\/\/trmhungary.hu\/wp-content\/uploads\/2021\/10\/trm-logo3-e1700671179343.png","width":200,"height":214,"caption":"T.R.M. Hungary Kft."},"image":{"@id":"https:\/\/trmhungary.hu\/#\/schema\/logo\/image\/"}}]}},"_links":{"self":[{"href":"https:\/\/trmhungary.hu\/index.php\/wp-json\/wp\/v2\/product\/186","targetHints":{"allow":["GET"]}}],"collection":[{"href":"https:\/\/trmhungary.hu\/index.php\/wp-json\/wp\/v2\/product"}],"about":[{"href":"https:\/\/trmhungary.hu\/index.php\/wp-json\/wp\/v2\/types\/product"}],"version-history":[{"count":0,"href":"https:\/\/trmhungary.hu\/index.php\/wp-json\/wp\/v2\/product\/186\/revisions"}],"wp:featuredmedia":[{"embeddable":true,"href":"https:\/\/trmhungary.hu\/index.php\/wp-json\/wp\/v2\/media\/187"}],"wp:attachment":[{"href":"https:\/\/trmhungary.hu\/index.php\/wp-json\/wp\/v2\/media?parent=186"}],"wp:term":[{"taxonomy":"product_brand","embeddable":true,"href":"https:\/\/trmhungary.hu\/index.php\/wp-json\/wp\/v2\/product_brand?post=186"},{"taxonomy":"product_cat","embeddable":true,"href":"https:\/\/trmhungary.hu\/index.php\/wp-json\/wp\/v2\/product_cat?post=186"},{"taxonomy":"product_tag","embeddable":true,"href":"https:\/\/trmhungary.hu\/index.php\/wp-json\/wp\/v2\/product_tag?post=186"}],"curies":[{"name":"wp","href":"https:\/\/api.w.org\/{rel}","templated":true}]}}